{"id":448,"date":"2022-01-31T16:35:38","date_gmt":"2022-01-31T16:35:38","guid":{"rendered":"https:\/\/jujango.de\/?page_id=448"},"modified":"2022-01-31T16:36:35","modified_gmt":"2022-01-31T16:36:35","slug":"links","status":"publish","type":"page","link":"https:\/\/jujango.de\/index.php\/links\/","title":{"rendered":"Links"},"content":{"rendered":"\t\t<div data-elementor-type=\"wp-page\" data-elementor-id=\"448\" class=\"elementor elementor-448\">\n\t\t\t\t\t\t<section class=\"elementor-section elementor-top-section elementor-element elementor-element-366e1e4 elementor-section-boxed elementor-section-height-default elementor-section-height-default\" data-id=\"366e1e4\" data-element_type=\"section\" data-e-type=\"section\">\n\t\t\t\t\t\t<div class=\"elementor-container elementor-column-gap-default\">\n\t\t\t\t\t<div class=\"elementor-column elementor-col-100 elementor-top-column elementor-element elementor-element-416be6f\" data-id=\"416be6f\" data-element_type=\"column\" data-e-type=\"column\">\n\t\t\t<div class=\"elementor-widget-wrap elementor-element-populated\">\n\t\t\t\t\t\t<div class=\"elementor-element elementor-element-8f55964 elementor-widget elementor-widget-heading\" data-id=\"8f55964\" data-element_type=\"widget\" data-e-type=\"widget\" data-widget_type=\"heading.default\">\n\t\t\t\t<div class=\"elementor-widget-container\">\n\t\t\t\t\t<h2 class=\"elementor-heading-title elementor-size-large\">Ahnenforschung der Familien Schade und Nagel<\/h2>\t\t\t\t<\/div>\n\t\t\t\t<\/div>\n\t\t\t\t\t<\/div>\n\t\t<\/div>\n\t\t\t\t\t<\/div>\n\t\t<\/section>\n\t\t\t\t<section class=\"elementor-section elementor-top-section elementor-element elementor-element-7460b0a elementor-section-height-min-height elementor-section-boxed elementor-section-height-default elementor-section-items-middle\" data-id=\"7460b0a\" data-element_type=\"section\" data-e-type=\"section\">\n\t\t\t\t\t\t\t<div class=\"elementor-background-overlay\"><\/div>\n\t\t\t\t\t\t\t<div class=\"elementor-container elementor-column-gap-default\">\n\t\t\t\t\t<div class=\"elementor-column elementor-col-100 elementor-top-column elementor-element elementor-element-ce7531e\" data-id=\"ce7531e\" data-element_type=\"column\" data-e-type=\"column\">\n\t\t\t<div class=\"elementor-widget-wrap elementor-element-populated\">\n\t\t\t\t\t\t<div class=\"elementor-element elementor-element-2b7ca65 elementor-widget elementor-widget-text-editor\" data-id=\"2b7ca65\" data-element_type=\"widget\" data-e-type=\"widget\" data-widget_type=\"text-editor.default\">\n\t\t\t\t<div class=\"elementor-widget-container\">\n\t\t\t\t\t\t\t\t\t<h4><a href=\"https:\/\/www.moormerland-tourismus.de\/aktivitaeten\/moormerland-umgebung\/die-emsdoerfer\/oldersum\" target=\"_blank\" rel=\"noopener\">Oldersum<\/a><br \/><a href=\"http:\/\/www.moormerland.de\/\" target=\"_blank\" rel=\"noopener noreferrer\">Gemeinde Moormerland<\/a><br \/><a href=\"http:\/\/www.landkreis-leer.de\/\" target=\"_blank\" rel=\"noopener noreferrer\">Landkreis Leer<\/a><br \/><a href=\"http:\/\/www.leer.de\/\" target=\"_blank\" rel=\"noopener noreferrer\">Stadt Leer<\/a><br \/><a href=\"http:\/\/www.emden.de\/de\/main.htm\" target=\"_blank\" rel=\"noopener noreferrer\">Stadt Emden<\/a><br \/><a href=\"http:\/\/www.borkum.de\/DE\/index.php\" target=\"_blank\" rel=\"noopener noreferrer\">Borkum<\/a><br \/><a href=\"http:\/\/www.krummhoern.de\/\" target=\"_blank\" rel=\"noopener noreferrer\">Gemeinde Krummh\u00f6rn<\/a><\/h4><h4><strong>Sport und Freizeit<\/strong><br \/><a href=\"http:\/\/fc-oldersum.de\" target=\"_blank\" rel=\"noopener\">FC Oldersum<\/a><br \/><a href=\"http:\/\/www.emder-lg.de\/\" target=\"_blank\" rel=\"noopener noreferrer\">ELG Leichtathletik <\/a><br \/><a href=\"http:\/\/www.buergerbad.de\/\" target=\"_blank\" rel=\"noopener noreferrer\">F\u00f6rderverein \u201evan Ameren Bad\u201c<\/a><\/h4><h4><strong>Genealogie (Ahnenforschung)<\/strong><br \/><a href=\"http:\/\/home.ancestry.de\/\" target=\"_blank\" rel=\"noopener noreferrer\">Ancestry.de<\/a><br \/><a href=\"https:\/\/familysearch.org\/\" target=\"_blank\" rel=\"noopener noreferrer\">Familiysearch.org<\/a><br \/><a href=\"http:\/\/ahnenforschung.net\/\" target=\"_blank\" rel=\"noopener noreferrer\">Ahnenforschung.net<\/a><br \/><a href=\"http:\/\/compgen.de\/\" target=\"_blank\" rel=\"noopener noreferrer\">Genealogy.net<\/a><br \/><a href=\"http:\/\/www.rootsweb.ancestry.com\/\" target=\"_blank\" rel=\"noopener noreferrer\">rootsweb.com<\/a><br \/><a href=\"http:\/\/www.ogsa.us\/\" target=\"_blank\" rel=\"noopener noreferrer\">Ostfriesen Genealogical Society of America<\/a><br \/><a href=\"http:\/\/www.ahnenblatt.de\/\" target=\"_blank\" rel=\"noopener noreferrer\">Ahnenblatt<\/a><br \/><a href=\"http:\/\/www.myheritage.de\/\" target=\"_blank\" rel=\"noopener noreferrer\">Verwandt.de<\/a><br \/><a href=\"http:\/\/www.forum14-18.de\/\" target=\"_blank\" rel=\"noopener noreferrer\">Historiker 1914\u20131918<\/a><\/h4><h4><strong>Sonstige<\/strong><br \/><a href=\"http:\/\/www.gat-emden.de\/\" target=\"_blank\" rel=\"noopener noreferrer\">Gymnasium am Treckfahrtstief<\/a><br \/><a href=\"http:\/\/www.jag-emden.de\/index.php?id=824&amp;no_cache=1\" target=\"_blank\" rel=\"noopener noreferrer\">Johannes-Althusius-Gymnasium<\/a><br \/><a href=\"http:\/\/www.amtsgericht-emden.niedersachsen.de\/portal\/live.php?navigation_id=20579&amp;_psmand=139\" target=\"_blank\" rel=\"noopener noreferrer\">Amtsgericht Emden<\/a><\/h4><h4>Die vorstehende Link\u00fcbersicht erhebt keinerlei Anspruch auf Vollst\u00e4ndigkeit. <br \/>F\u00fcr den Inhalt der Seiten, auf die verwiesen wird, sind wir nicht verantwortlich und k\u00f6nnen dementsprechend keine Haftung \u00fcbernehmen. <br \/>Bitte teilen Sie eventuelle Vorschl\u00e4ge zur Erg\u00e4nzung und Aktualisierung der Linkliste \u00fcber unser Kontaktformular mit. <br \/>Soweit Sie feststellen sollten, dass die angesteuerte Adresse nicht mehr zum Ziel f\u00fchrt, w\u00e4ren wir ebenfalls f\u00fcr eine Nachricht dankbar. <br \/>Herzlichen Dank f\u00fcr Ihre Mithilfe bereits an dieser Stelle im voraus.<\/h4><h4><strong>\u00a0<\/strong><\/h4>\t\t\t\t\t\t\t\t<\/div>\n\t\t\t\t<\/div>\n\t\t\t\t\t<\/div>\n\t\t<\/div>\n\t\t\t\t\t<\/div>\n\t\t<\/section>\n\t\t\t\t<section class=\"elementor-section elementor-top-section elementor-element elementor-element-85ef7cd elementor-section-boxed elementor-section-height-default elementor-section-height-default\" data-id=\"85ef7cd\" data-element_type=\"section\" data-e-type=\"section\">\n\t\t\t\t\t\t<div class=\"elementor-container elementor-column-gap-default\">\n\t\t\t\t\t<div class=\"elementor-column elementor-col-100 elementor-top-column elementor-element elementor-element-680627f\" data-id=\"680627f\" data-element_type=\"column\" data-e-type=\"column\">\n\t\t\t<div class=\"elementor-widget-wrap\">\n\t\t\t\t\t\t\t<\/div>\n\t\t<\/div>\n\t\t\t\t\t<\/div>\n\t\t<\/section>\n\t\t\t\t<section class=\"elementor-section elementor-top-section elementor-element elementor-element-7f4b61d elementor-section-boxed elementor-section-height-default elementor-section-height-default\" data-id=\"7f4b61d\" data-element_type=\"section\" data-e-type=\"section\" data-settings=\"{&quot;background_background&quot;:&quot;gradient&quot;,&quot;shape_divider_top&quot;:&quot;opacity-fan&quot;}\">\n\t\t\t\t\t\t\t<div class=\"elementor-background-overlay\"><\/div>\n\t\t\t\t\t\t<div class=\"elementor-shape elementor-shape-top\" aria-hidden=\"true\" data-negative=\"false\">\n\t\t\t<svg xmlns=\"http:\/\/www.w3.org\/2000\/svg\" viewBox=\"0 0 283.5 19.6\" preserveAspectRatio=\"none\">\n\t<path class=\"elementor-shape-fill\" style=\"opacity:0.33\" d=\"M0 0L0 18.8 141.8 4.1 283.5 18.8 283.5 0z\"\/>\n\t<path class=\"elementor-shape-fill\" style=\"opacity:0.33\" d=\"M0 0L0 12.6 141.8 4 283.5 12.6 283.5 0z\"\/>\n\t<path class=\"elementor-shape-fill\" style=\"opacity:0.33\" d=\"M0 0L0 6.4 141.8 4 283.5 6.4 283.5 0z\"\/>\n\t<path class=\"elementor-shape-fill\" d=\"M0 0L0 1.2 141.8 4 283.5 1.2 283.5 0z\"\/>\n<\/svg>\t\t<\/div>\n\t\t\t\t\t<div class=\"elementor-container elementor-column-gap-default\">\n\t\t\t\t\t<div class=\"elementor-column elementor-col-100 elementor-top-column elementor-element elementor-element-436c32e\" data-id=\"436c32e\" data-element_type=\"column\" data-e-type=\"column\">\n\t\t\t<div class=\"elementor-widget-wrap elementor-element-populated\">\n\t\t\t\t\t\t<div class=\"elementor-element elementor-element-f7c6a3b elementor-widget elementor-widget-image\" data-id=\"f7c6a3b\" data-element_type=\"widget\" data-e-type=\"widget\" data-widget_type=\"image.default\">\n\t\t\t\t<div class=\"elementor-widget-container\">\n\t\t\t\t\t\t\t\t\t\t\t\t\t\t\t<img fetchpriority=\"high\" decoding=\"async\" width=\"640\" height=\"428\" src=\"https:\/\/jujango.de\/wp-content\/uploads\/2022\/01\/tergaster_teich_001.jpg\" class=\"attachment-medium_large size-medium_large wp-image-127\" alt=\"\" srcset=\"https:\/\/jujango.de\/wp-content\/uploads\/2022\/01\/tergaster_teich_001.jpg 640w, https:\/\/jujango.de\/wp-content\/uploads\/2022\/01\/tergaster_teich_001-300x201.jpg 300w\" sizes=\"(max-width: 640px) 100vw, 640px\" \/>\t\t\t\t\t\t\t\t\t\t\t\t\t\t\t<\/div>\n\t\t\t\t<\/div>\n\t\t\t\t\t<\/div>\n\t\t<\/div>\n\t\t\t\t\t<\/div>\n\t\t<\/section>\n\t\t\t\t<\/div>\n\t\t","protected":false},"excerpt":{"rendered":"<p>Ahnenforschung der Familien Schade und Nagel OldersumGemeinde MoormerlandLandkreis LeerStadt LeerStadt EmdenBorkumGemeinde Krummh\u00f6rn Sport und FreizeitFC OldersumELG Leichtathletik F\u00f6rderverein \u201evan Ameren Bad\u201c Genealogie (Ahnenforschung)Ancestry.deFamiliysearch.orgAhnenforschung.netGenealogy.netrootsweb.comOstfriesen Genealogical Society of AmericaAhnenblattVerwandt.deHistoriker 1914\u20131918 SonstigeGymnasium am TreckfahrtstiefJohannes-Althusius-GymnasiumAmtsgericht Emden Die vorstehende Link\u00fcbersicht erhebt keinerlei Anspruch auf Vollst\u00e4ndigkeit. F\u00fcr den Inhalt der Seiten, auf die verwiesen wird, sind wir nicht verantwortlich und k\u00f6nnen [&hellip;]<\/p>\n","protected":false},"author":2,"featured_media":0,"parent":0,"menu_order":0,"comment_status":"closed","ping_status":"closed","template":"elementor_header_footer","meta":{"wprm-recipe-roundup-name":"","wprm-recipe-roundup-description":"","ocean_post_layout":"","ocean_both_sidebars_style":"","ocean_both_sidebars_content_width":0,"ocean_both_sidebars_sidebars_width":0,"ocean_sidebar":"","ocean_second_sidebar":"","ocean_disable_margins":"enable","ocean_add_body_class":"","ocean_shortcode_before_top_bar":"","ocean_shortcode_after_top_bar":"","ocean_shortcode_before_header":"","ocean_shortcode_after_header":"","ocean_has_shortcode":"","ocean_shortcode_after_title":"","ocean_shortcode_before_footer_widgets":"","ocean_shortcode_after_footer_widgets":"","ocean_shortcode_before_footer_bottom":"","ocean_shortcode_after_footer_bottom":"","ocean_display_top_bar":"default","ocean_display_header":"default","ocean_header_style":"","ocean_center_header_left_menu":"","ocean_custom_header_template":"","ocean_custom_logo":0,"ocean_custom_retina_logo":0,"ocean_custom_logo_max_width":0,"ocean_custom_logo_tablet_max_width":0,"ocean_custom_logo_mobile_max_width":0,"ocean_custom_logo_max_height":0,"ocean_custom_logo_tablet_max_height":0,"ocean_custom_logo_mobile_max_height":0,"ocean_header_custom_menu":"","ocean_menu_typo_font_family":"","ocean_menu_typo_font_subset":"","ocean_menu_typo_font_size":0,"ocean_menu_typo_font_size_tablet":0,"ocean_menu_typo_font_size_mobile":0,"ocean_menu_typo_font_size_unit":"px","ocean_menu_typo_font_weight":"","ocean_menu_typo_font_weight_tablet":"","ocean_menu_typo_font_weight_mobile":"","ocean_menu_typo_transform":"","ocean_menu_typo_transform_tablet":"","ocean_menu_typo_transform_mobile":"","ocean_menu_typo_line_height":0,"ocean_menu_typo_line_height_tablet":0,"ocean_menu_typo_line_height_mobile":0,"ocean_menu_typo_line_height_unit":"","ocean_menu_typo_spacing":0,"ocean_menu_typo_spacing_tablet":0,"ocean_menu_typo_spacing_mobile":0,"ocean_menu_typo_spacing_unit":"","ocean_menu_link_color":"","ocean_menu_link_color_hover":"","ocean_menu_link_color_active":"","ocean_menu_link_background":"","ocean_menu_link_hover_background":"","ocean_menu_link_active_background":"","ocean_menu_social_links_bg":"","ocean_menu_social_hover_links_bg":"","ocean_menu_social_links_color":"","ocean_menu_social_hover_links_color":"","ocean_disable_title":"default","ocean_disable_heading":"default","ocean_post_title":"","ocean_post_subheading":"","ocean_post_title_style":"","ocean_post_title_background_color":"","ocean_post_title_background":0,"ocean_post_title_bg_image_position":"","ocean_post_title_bg_image_attachment":"","ocean_post_title_bg_image_repeat":"","ocean_post_title_bg_image_size":"","ocean_post_title_height":0,"ocean_post_title_bg_overlay":0.5,"ocean_post_title_bg_overlay_color":"","ocean_disable_breadcrumbs":"default","ocean_breadcrumbs_color":"","ocean_breadcrumbs_separator_color":"","ocean_breadcrumbs_links_color":"","ocean_breadcrumbs_links_hover_color":"","ocean_display_footer_widgets":"default","ocean_display_footer_bottom":"default","ocean_custom_footer_template":"","footnotes":""},"class_list":["post-448","page","type-page","status-publish","hentry","entry"],"_links":{"self":[{"href":"https:\/\/jujango.de\/index.php\/wp-json\/wp\/v2\/pages\/448","targetHints":{"allow":["GET"]}}],"collection":[{"href":"https:\/\/jujango.de\/index.php\/wp-json\/wp\/v2\/pages"}],"about":[{"href":"https:\/\/jujango.de\/index.php\/wp-json\/wp\/v2\/types\/page"}],"author":[{"embeddable":true,"href":"https:\/\/jujango.de\/index.php\/wp-json\/wp\/v2\/users\/2"}],"replies":[{"embeddable":true,"href":"https:\/\/jujango.de\/index.php\/wp-json\/wp\/v2\/comments?post=448"}],"version-history":[{"count":4,"href":"https:\/\/jujango.de\/index.php\/wp-json\/wp\/v2\/pages\/448\/revisions"}],"predecessor-version":[{"id":452,"href":"https:\/\/jujango.de\/index.php\/wp-json\/wp\/v2\/pages\/448\/revisions\/452"}],"wp:attachment":[{"href":"https:\/\/jujango.de\/index.php\/wp-json\/wp\/v2\/media?parent=448"}],"curies":[{"name":"wp","href":"https:\/\/api.w.org\/{rel}","templated":true}]}}